{"id":12803,"date":"2017-11-23T10:08:04","date_gmt":"2017-11-23T15:08:04","guid":{"rendered":"https:\/\/directnet1.wpengine.com\/?page_id=12803"},"modified":"2020-11-03T10:02:16","modified_gmt":"2020-11-03T15:02:16","slug":"temoignages","status":"publish","type":"page","link":"https:\/\/directnet.ca\/fr\/a-propos\/temoignages\/","title":{"rendered":"T\u00e9moignages"},"content":{"rendered":"<p><div class=\"fusion-fullwidth fullwidth-box fusion-builder-row-1 fusion-parallax-none nonhundred-percent-fullwidth non-hundred-percent-height-scrolling\" style=\"--awb-border-radius-top-left:0px;--awb-border-radius-top-right:0px;--awb-border-radius-bottom-right:0px;--awb-border-radius-bottom-left:0px;--awb-padding-top:70px;--awb-padding-bottom:70px;--awb-margin-top:-55px;--awb-background-image:url(&quot;https:\/\/directnet.ca\/wp-content\/uploads\/2016\/11\/voip3.jpg&quot;);--awb-background-size:cover;--awb-flex-wrap:wrap;\" ><div class=\"fusion-builder-row fusion-row\"><div class=\"fusion-layout-column fusion_builder_column fusion-builder-column-0 fusion_builder_column_1_1 1_1 fusion-one-full fusion-column-first fusion-column-last\" style=\"--awb-bg-size:cover;\"><div class=\"fusion-column-wrapper fusion-flex-column-wrapper-legacy\"><div class=\"fusion-text fusion-text-1\"><p><span style=\"color: black; font-size: 60px; font-family: Roboto, Arial, Helvetica, sans-serif; font-weight: 100;\">T\u00e9moignages<\/span><\/p>\n<\/div><div class=\"fusion-clearfix\"><\/div><\/div><\/div><\/div><\/div><div class=\"fusion-fullwidth fullwidth-box fusion-builder-row-2 nonhundred-percent-fullwidth non-hundred-percent-height-scrolling\" style=\"--awb-border-radius-top-left:0px;--awb-border-radius-top-right:0px;--awb-border-radius-bottom-right:0px;--awb-border-radius-bottom-left:0px;--awb-padding-top:70px;--awb-padding-bottom:70px;--awb-margin-bottom:-40px;--awb-background-color:#f1f1f1;--awb-flex-wrap:wrap;\" ><div class=\"fusion-builder-row fusion-row\"><div class=\"fusion-layout-column fusion_builder_column fusion-builder-column-1 fusion_builder_column_1_1 1_1 fusion-one-full fusion-column-first fusion-column-last\" style=\"--awb-bg-size:cover;\"><div class=\"fusion-column-wrapper fusion-flex-column-wrapper-legacy\"><div class=\"fusion-builder-row fusion-builder-row-inner fusion-row\"><div class=\"fusion-layout-column fusion_builder_column_inner fusion-builder-nested-column-0 fusion_builder_column_inner_1_3 1_3 fusion-one-third fusion-column-first\" style=\"--awb-bg-size:cover;width:33.3333333333%;width:calc(33.3333333333% - ( ( 4% + 4% ) * 0.333333333333 ) );margin-right: 4%;\"><div class=\"fusion-column-wrapper fusion-flex-column-wrapper-legacy\"><div class=\"fusion-text fusion-text-2\"><p><img decoding=\"async\" class=\"aligncenter size-full wp-image-12615\" style=\"border-radius: 50%;\" src=\"https:\/\/directnet.ca\/wp-content\/uploads\/2017\/10\/kos.jpg\" alt=\"kos\" width=\"150\" height=\"150\" srcset=\"https:\/\/directnet.ca\/wp-content\/uploads\/2017\/10\/kos-66x66.jpg 66w, https:\/\/directnet.ca\/wp-content\/uploads\/2017\/10\/kos.jpg 150w\" sizes=\"(max-width: 150px) 100vw, 150px\" \/><\/p>\n<h3 style=\"text-align: center;\">Kingston Online Services<\/h3>\n<p style=\"text-align: center;\">\u00ab\u00a0Kingston Online Services travaille avec DirectNet depuis 2013. La solution de vente de VoIP en gros de DirectNet est une valeur ajout\u00e9e fiable pour nos services existants. La communication avec leur \u00e9quipe est facile et nous sommes heureux de la qualit\u00e9 du service de soutien. Je recommande sans h\u00e9siter DirectNet \u00e0 toute entreprise qui cherche un grossiste VoIP.\u00bb<\/p>\n<p style=\"text-align: center;\"><strong>Meredith Simpson, Vice-pr\u00e9sidente, Kingston Online Services<\/strong><\/p>\n<\/div><div class=\"fusion-clearfix\"><\/div><\/div><\/div><div class=\"fusion-layout-column fusion_builder_column_inner fusion-builder-nested-column-1 fusion_builder_column_inner_1_3 1_3 fusion-one-third\" style=\"--awb-bg-size:cover;width:33.3333333333%;width:calc(33.3333333333% - ( ( 4% + 4% ) * 0.333333333333 ) );margin-right: 4%;\"><div class=\"fusion-column-wrapper fusion-flex-column-wrapper-legacy\"><div class=\"fusion-text fusion-text-3\"><p><img decoding=\"async\" class=\"aligncenter size-full wp-image-12616\" style=\"border-radius: 50%;\" src=\"https:\/\/directnet.ca\/wp-content\/uploads\/2017\/10\/netfox.jpg\" alt=\"netfox\" width=\"150\" height=\"150\" srcset=\"https:\/\/directnet.ca\/wp-content\/uploads\/2017\/10\/netfox-66x66.jpg 66w, https:\/\/directnet.ca\/wp-content\/uploads\/2017\/10\/netfox.jpg 150w\" sizes=\"(max-width: 150px) 100vw, 150px\" \/><\/p>\n<h3 style=\"text-align: center;\">Netfox High-speed Internet<\/h3>\n<p style=\"text-align: center;\">\u00ab\u00a0Nous sommes avec DirectNet depuis plus de quatre ans. Choisir DirectNet \u00e9tait facile\u00a0: r\u00e9seau canadien fiable, soutien hors pair et prix forfaitaires les plus bas du march\u00e9.\u00a0\u00bb<\/p>\n<p style=\"text-align: center;\"><strong>Dave Stevens, Pr\u00e9sident Netfox Communications Corp.<\/strong><\/p>\n<\/div><div class=\"fusion-clearfix\"><\/div><\/div><\/div><div class=\"fusion-layout-column fusion_builder_column_inner fusion-builder-nested-column-2 fusion_builder_column_inner_1_3 1_3 fusion-one-third fusion-column-last\" style=\"--awb-bg-size:cover;width:33.3333333333%;width:calc(33.3333333333% - ( ( 4% + 4% ) * 0.333333333333 ) );\"><div class=\"fusion-column-wrapper fusion-flex-column-wrapper-legacy\"><div class=\"fusion-text fusion-text-4\"><p><img decoding=\"async\" class=\"aligncenter size-full wp-image-12617\" style=\"border-radius: 50%;\" src=\"https:\/\/directnet.ca\/wp-content\/uploads\/2017\/10\/vaxxine.jpg\" alt=\"vaxxine\" width=\"150\" height=\"150\" srcset=\"https:\/\/directnet.ca\/wp-content\/uploads\/2017\/10\/vaxxine-66x66.jpg 66w, https:\/\/directnet.ca\/wp-content\/uploads\/2017\/10\/vaxxine.jpg 150w\" sizes=\"(max-width: 150px) 100vw, 150px\" \/><\/p>\n<h3 style=\"text-align: center;\">Vaxxine Computer Systems<\/h3>\n<p style=\"text-align: center;\">\u00abNotre exp\u00e9rience du service VoIP offert par DirectNet est excellente. Ils offrent un service de qualit\u00e9, d\u2019excellents prix, et r\u00e9pondent rapidement en cas de probl\u00e8me. Nous sommes avec DirectNet depuis plus de trois ans, et nous les recommandons fortement \u00e0 quiconque cherche \u00e0 offrir un service VoIP \u00e0 sa client\u00e8le. Vous ne pouvez pas vous tromper.\u00a0\u00bb<\/p>\n<p style=\"text-align: center;\"><strong>Dave McCarthy, Pr\u00e9sident Vaxxine Computers Systems Inc.<\/strong><\/p>\n<\/div><div class=\"fusion-clearfix\"><\/div><\/div><\/div><\/div><div class=\"fusion-builder-row fusion-builder-row-inner fusion-row\"><div class=\"fusion-layout-column fusion_builder_column_inner fusion-builder-nested-column-3 fusion_builder_column_inner_1_3 1_3 fusion-one-third fusion-column-first\" style=\"--awb-bg-size:cover;width:33.3333333333%;width:calc(33.3333333333% - ( ( 4% + 4% ) * 0.333333333333 ) );margin-right: 4%;\"><div class=\"fusion-column-wrapper fusion-flex-column-wrapper-legacy\"><div class=\"fusion-text fusion-text-5\"><p><img decoding=\"async\" class=\"aligncenter size-full wp-image-12618\" style=\"border-radius: 50%;\" src=\"https:\/\/directnet.ca\/wp-content\/uploads\/2017\/10\/bedirect.jpg\" alt=\"bedirect\" width=\"150\" height=\"150\" srcset=\"https:\/\/directnet.ca\/wp-content\/uploads\/2017\/10\/bedirect-66x66.jpg 66w, https:\/\/directnet.ca\/wp-content\/uploads\/2017\/10\/bedirect.jpg 150w\" sizes=\"(max-width: 150px) 100vw, 150px\" \/><\/p>\n<h3 style=\"text-align: center;\">Bedirect<\/h3>\n<p style=\"text-align: center;\">\u00ab\u00a0Nous travaillons avec DirectNet depuis plusieurs ann\u00e9es. Leur professionnalisme, leur souplesse et leur rapidit\u00e9 d\u2019intervention sont un v\u00e9ritable atout pour nous. Leurs services nous permettent de r\u00e9pondre aux attentes de nos clients.\u00a0\u00bb<\/p>\n<p style=\"text-align: center;\"><strong>Julien Desgagn\u00e9, Pr\u00e9sident, beTelecom<\/strong><\/p>\n<\/div><div class=\"fusion-clearfix\"><\/div><\/div><\/div><div class=\"fusion-layout-column fusion_builder_column_inner fusion-builder-nested-column-4 fusion_builder_column_inner_1_3 1_3 fusion-one-third\" style=\"--awb-bg-size:cover;width:33.3333333333%;width:calc(33.3333333333% - ( ( 4% + 4% ) * 0.333333333333 ) );margin-right: 4%;\"><div class=\"fusion-column-wrapper fusion-flex-column-wrapper-legacy\"><div class=\"fusion-text fusion-text-6\"><p><img decoding=\"async\" class=\"aligncenter size-full wp-image-12619\" style=\"border-radius: 50%;\" src=\"https:\/\/directnet.ca\/wp-content\/uploads\/2017\/10\/odynet.jpg\" alt=\"odynet\" width=\"150\" height=\"150\" srcset=\"https:\/\/directnet.ca\/wp-content\/uploads\/2017\/10\/odynet-66x66.jpg 66w, https:\/\/directnet.ca\/wp-content\/uploads\/2017\/10\/odynet.jpg 150w\" sizes=\"(max-width: 150px) 100vw, 150px\" \/><\/p>\n<h3 style=\"text-align: center;\">OdyNet<\/h3>\n<p style=\"text-align: center;\">\u00ab\u00a0La plateforme voix de DirectNet est beaucoup plus \u00e9conomique pour nous que de devoir cr\u00e9er et g\u00e9rer notre propre infrastructure. Leur plateforme est tr\u00e8s fiable et versatile, les interruptions sont tr\u00e8s rares. Leur soutien \u00e0 la client\u00e8le r\u00e9pond rapidement, 24 heures sur 24, tous les jours de l\u2019ann\u00e9e. Nous sommes avec DirectNet depuis plus de 3 ans, et nous recommandons leurs services \u00e0 tout fournisseur de service.\u00a0\u00bb<\/p>\n<p style=\"text-align: center;\"><strong>Brad Groshok, Pr\u00e9sident OdyNet <\/strong><\/p>\n<\/div><div class=\"fusion-clearfix\"><\/div><\/div><\/div><div class=\"fusion-layout-column fusion_builder_column_inner fusion-builder-nested-column-5 fusion_builder_column_inner_1_3 1_3 fusion-one-third fusion-column-last\" style=\"--awb-bg-size:cover;width:33.3333333333%;width:calc(33.3333333333% - ( ( 4% + 4% ) * 0.333333333333 ) );\"><div class=\"fusion-column-wrapper fusion-flex-column-wrapper-legacy\"><div class=\"fusion-text fusion-text-7\"><p><img decoding=\"async\" class=\"aligncenter size-full wp-image-12620\" style=\"border-radius: 50%;\" src=\"https:\/\/directnet.ca\/wp-content\/uploads\/2017\/10\/suntel.jpg\" alt=\"suntel\" width=\"150\" height=\"150\" srcset=\"https:\/\/directnet.ca\/wp-content\/uploads\/2017\/10\/suntel-66x66.jpg 66w, https:\/\/directnet.ca\/wp-content\/uploads\/2017\/10\/suntel.jpg 150w\" sizes=\"(max-width: 150px) 100vw, 150px\" \/><\/p>\n<h3 style=\"text-align: center;\">Suntel Networks<\/h3>\n<p style=\"text-align: center;\">\u00ab\u00a0DirectNet est un tr\u00e8s bon fournisseur de service VoIP. Bonnes fonctionnalit\u00e9s, pas de contrat \u00e0 long terme, pr\u00e9pay\u00e9 et qualit\u00e9 d\u2019appel et soutien \u00e0 la client\u00e8le excellents. Essayez-les, vous ne serez pas d\u00e9\u00e7us.\u00a0\u00bb<\/p>\n<p style=\"text-align: center;\"><strong>Andy Liao, Premier directeur Suntel Networks<\/strong><\/p>\n<\/div><div class=\"fusion-clearfix\"><\/div><\/div><\/div><\/div><div class=\"fusion-clearfix\"><\/div><\/div><\/div><\/div><\/div><\/p>\n","protected":false},"excerpt":{"rendered":"","protected":false},"author":2,"featured_media":0,"parent":12787,"menu_order":10,"comment_status":"closed","ping_status":"closed","template":"100-width.php","meta":{"footnotes":""},"class_list":["post-12803","page","type-page","status-publish","hentry"],"yoast_head":"<!-- This site is optimized with the Yoast SEO plugin v27.4 - https:\/\/yoast.com\/product\/yoast-seo-wordpress\/ -->\n<title>T\u00e9moignages - DirectNet<\/title>\n<meta name=\"description\" content=\"Vous recherchez plus d&#039;informations sur DirectNet? Consultez ces t\u00e9moignages de clients et d\u00e9couvrez pourquoi nous sommes un fournisseur de VOIP de confiance.\" \/>\n<meta name=\"robots\" content=\"index, follow, max-snippet:-1, max-image-preview:large, max-video-preview:-1\" \/>\n<link rel=\"canonical\" href=\"https:\/\/directnet.ca\/fr\/a-propos\/temoignages\/\" \/>\n<meta property=\"og:locale\" content=\"fr_FR\" \/>\n<meta property=\"og:type\" content=\"article\" \/>\n<meta property=\"og:title\" content=\"T\u00e9moignages - DirectNet\" \/>\n<meta property=\"og:description\" content=\"Vous recherchez plus d&#039;informations sur DirectNet? Consultez ces t\u00e9moignages de clients et d\u00e9couvrez pourquoi nous sommes un fournisseur de VOIP de confiance.\" \/>\n<meta property=\"og:url\" content=\"https:\/\/directnet.ca\/fr\/a-propos\/temoignages\/\" \/>\n<meta property=\"og:site_name\" content=\"DirectNet\" \/>\n<meta property=\"article:modified_time\" content=\"2020-11-03T15:02:16+00:00\" \/>\n<meta property=\"og:image\" content=\"https:\/\/directnet.ca\/wp-content\/uploads\/2017\/10\/kos.jpg\" \/>\n<meta name=\"twitter:label1\" content=\"Dur\u00e9e de lecture estim\u00e9e\" \/>\n\t<meta name=\"twitter:data1\" content=\"6 minutes\" \/>\n<script type=\"application\/ld+json\" class=\"yoast-schema-graph\">{\"@context\":\"https:\\\/\\\/schema.org\",\"@graph\":[{\"@type\":\"WebPage\",\"@id\":\"https:\\\/\\\/directnet.ca\\\/fr\\\/a-propos\\\/temoignages\\\/\",\"url\":\"https:\\\/\\\/directnet.ca\\\/fr\\\/a-propos\\\/temoignages\\\/\",\"name\":\"T\u00e9moignages - DirectNet\",\"isPartOf\":{\"@id\":\"https:\\\/\\\/directnet.ca\\\/#website\"},\"primaryImageOfPage\":{\"@id\":\"https:\\\/\\\/directnet.ca\\\/fr\\\/a-propos\\\/temoignages\\\/#primaryimage\"},\"image\":{\"@id\":\"https:\\\/\\\/directnet.ca\\\/fr\\\/a-propos\\\/temoignages\\\/#primaryimage\"},\"thumbnailUrl\":\"https:\\\/\\\/directnet.ca\\\/wp-content\\\/uploads\\\/2017\\\/10\\\/kos.jpg\",\"datePublished\":\"2017-11-23T15:08:04+00:00\",\"dateModified\":\"2020-11-03T15:02:16+00:00\",\"description\":\"Vous recherchez plus d'informations sur DirectNet? Consultez ces t\u00e9moignages de clients et d\u00e9couvrez pourquoi nous sommes un fournisseur de VOIP de confiance.\",\"breadcrumb\":{\"@id\":\"https:\\\/\\\/directnet.ca\\\/fr\\\/a-propos\\\/temoignages\\\/#breadcrumb\"},\"inLanguage\":\"fr-FR\",\"potentialAction\":[{\"@type\":\"ReadAction\",\"target\":[\"https:\\\/\\\/directnet.ca\\\/fr\\\/a-propos\\\/temoignages\\\/\"]}]},{\"@type\":\"ImageObject\",\"inLanguage\":\"fr-FR\",\"@id\":\"https:\\\/\\\/directnet.ca\\\/fr\\\/a-propos\\\/temoignages\\\/#primaryimage\",\"url\":\"https:\\\/\\\/directnet.ca\\\/wp-content\\\/uploads\\\/2017\\\/10\\\/kos.jpg\",\"contentUrl\":\"https:\\\/\\\/directnet.ca\\\/wp-content\\\/uploads\\\/2017\\\/10\\\/kos.jpg\"},{\"@type\":\"BreadcrumbList\",\"@id\":\"https:\\\/\\\/directnet.ca\\\/fr\\\/a-propos\\\/temoignages\\\/#breadcrumb\",\"itemListElement\":[{\"@type\":\"ListItem\",\"position\":1,\"name\":\"Home\",\"item\":\"https:\\\/\\\/directnet.ca\\\/fr\\\/\"},{\"@type\":\"ListItem\",\"position\":2,\"name\":\"\u00c0 propos\",\"item\":\"https:\\\/\\\/directnet.ca\\\/fr\\\/a-propos\\\/\"},{\"@type\":\"ListItem\",\"position\":3,\"name\":\"T\u00e9moignages\"}]},{\"@type\":\"WebSite\",\"@id\":\"https:\\\/\\\/directnet.ca\\\/#website\",\"url\":\"https:\\\/\\\/directnet.ca\\\/\",\"name\":\"DirectNet\",\"description\":\"\",\"potentialAction\":[{\"@type\":\"SearchAction\",\"target\":{\"@type\":\"EntryPoint\",\"urlTemplate\":\"https:\\\/\\\/directnet.ca\\\/?s={search_term_string}\"},\"query-input\":{\"@type\":\"PropertyValueSpecification\",\"valueRequired\":true,\"valueName\":\"search_term_string\"}}],\"inLanguage\":\"fr-FR\"}]}<\/script>\n<!-- \/ Yoast SEO plugin. -->","yoast_head_json":{"title":"T\u00e9moignages - DirectNet","description":"Vous recherchez plus d'informations sur DirectNet? Consultez ces t\u00e9moignages de clients et d\u00e9couvrez pourquoi nous sommes un fournisseur de VOIP de confiance.","robots":{"index":"index","follow":"follow","max-snippet":"max-snippet:-1","max-image-preview":"max-image-preview:large","max-video-preview":"max-video-preview:-1"},"canonical":"https:\/\/directnet.ca\/fr\/a-propos\/temoignages\/","og_locale":"fr_FR","og_type":"article","og_title":"T\u00e9moignages - DirectNet","og_description":"Vous recherchez plus d'informations sur DirectNet? Consultez ces t\u00e9moignages de clients et d\u00e9couvrez pourquoi nous sommes un fournisseur de VOIP de confiance.","og_url":"https:\/\/directnet.ca\/fr\/a-propos\/temoignages\/","og_site_name":"DirectNet","article_modified_time":"2020-11-03T15:02:16+00:00","og_image":[{"url":"https:\/\/directnet.ca\/wp-content\/uploads\/2017\/10\/kos.jpg","type":"","width":"","height":""}],"twitter_misc":{"Dur\u00e9e de lecture estim\u00e9e":"6 minutes"},"schema":{"@context":"https:\/\/schema.org","@graph":[{"@type":"WebPage","@id":"https:\/\/directnet.ca\/fr\/a-propos\/temoignages\/","url":"https:\/\/directnet.ca\/fr\/a-propos\/temoignages\/","name":"T\u00e9moignages - DirectNet","isPartOf":{"@id":"https:\/\/directnet.ca\/#website"},"primaryImageOfPage":{"@id":"https:\/\/directnet.ca\/fr\/a-propos\/temoignages\/#primaryimage"},"image":{"@id":"https:\/\/directnet.ca\/fr\/a-propos\/temoignages\/#primaryimage"},"thumbnailUrl":"https:\/\/directnet.ca\/wp-content\/uploads\/2017\/10\/kos.jpg","datePublished":"2017-11-23T15:08:04+00:00","dateModified":"2020-11-03T15:02:16+00:00","description":"Vous recherchez plus d'informations sur DirectNet? Consultez ces t\u00e9moignages de clients et d\u00e9couvrez pourquoi nous sommes un fournisseur de VOIP de confiance.","breadcrumb":{"@id":"https:\/\/directnet.ca\/fr\/a-propos\/temoignages\/#breadcrumb"},"inLanguage":"fr-FR","potentialAction":[{"@type":"ReadAction","target":["https:\/\/directnet.ca\/fr\/a-propos\/temoignages\/"]}]},{"@type":"ImageObject","inLanguage":"fr-FR","@id":"https:\/\/directnet.ca\/fr\/a-propos\/temoignages\/#primaryimage","url":"https:\/\/directnet.ca\/wp-content\/uploads\/2017\/10\/kos.jpg","contentUrl":"https:\/\/directnet.ca\/wp-content\/uploads\/2017\/10\/kos.jpg"},{"@type":"BreadcrumbList","@id":"https:\/\/directnet.ca\/fr\/a-propos\/temoignages\/#breadcrumb","itemListElement":[{"@type":"ListItem","position":1,"name":"Home","item":"https:\/\/directnet.ca\/fr\/"},{"@type":"ListItem","position":2,"name":"\u00c0 propos","item":"https:\/\/directnet.ca\/fr\/a-propos\/"},{"@type":"ListItem","position":3,"name":"T\u00e9moignages"}]},{"@type":"WebSite","@id":"https:\/\/directnet.ca\/#website","url":"https:\/\/directnet.ca\/","name":"DirectNet","description":"","potentialAction":[{"@type":"SearchAction","target":{"@type":"EntryPoint","urlTemplate":"https:\/\/directnet.ca\/?s={search_term_string}"},"query-input":{"@type":"PropertyValueSpecification","valueRequired":true,"valueName":"search_term_string"}}],"inLanguage":"fr-FR"}]}},"_links":{"self":[{"href":"https:\/\/directnet.ca\/fr\/wp-json\/wp\/v2\/pages\/12803","targetHints":{"allow":["GET"]}}],"collection":[{"href":"https:\/\/directnet.ca\/fr\/wp-json\/wp\/v2\/pages"}],"about":[{"href":"https:\/\/directnet.ca\/fr\/wp-json\/wp\/v2\/types\/page"}],"author":[{"embeddable":true,"href":"https:\/\/directnet.ca\/fr\/wp-json\/wp\/v2\/users\/2"}],"replies":[{"embeddable":true,"href":"https:\/\/directnet.ca\/fr\/wp-json\/wp\/v2\/comments?post=12803"}],"version-history":[{"count":0,"href":"https:\/\/directnet.ca\/fr\/wp-json\/wp\/v2\/pages\/12803\/revisions"}],"up":[{"embeddable":true,"href":"https:\/\/directnet.ca\/fr\/wp-json\/wp\/v2\/pages\/12787"}],"wp:attachment":[{"href":"https:\/\/directnet.ca\/fr\/wp-json\/wp\/v2\/media?parent=12803"}],"curies":[{"name":"wp","href":"https:\/\/api.w.org\/{rel}","templated":true}]}}