{"id":12795,"date":"2017-11-23T09:36:31","date_gmt":"2017-11-23T14:36:31","guid":{"rendered":"https:\/\/directnet1.wpengine.com\/?page_id=12795"},"modified":"2020-11-03T10:05:26","modified_gmt":"2020-11-03T15:05:26","slug":"notre-reseau","status":"publish","type":"page","link":"https:\/\/directnet.ca\/fr\/notre-reseau\/","title":{"rendered":"Notre r\u00e9seau"},"content":{"rendered":"<p><div class=\"fusion-fullwidth fullwidth-box fusion-builder-row-1 fusion-parallax-none nonhundred-percent-fullwidth non-hundred-percent-height-scrolling\" style=\"--awb-border-radius-top-left:0px;--awb-border-radius-top-right:0px;--awb-border-radius-bottom-right:0px;--awb-border-radius-bottom-left:0px;--awb-padding-top:150px;--awb-padding-bottom:150px;--awb-margin-top:-55px;--awb-background-image:url(&quot;https:\/\/directnet.ca\/wp-content\/uploads\/2017\/01\/serverroom.jpg&quot;);--awb-background-size:cover;--awb-flex-wrap:wrap;\" ><div class=\"fusion-builder-row fusion-row\"><div class=\"fusion-layout-column fusion_builder_column fusion-builder-column-0 fusion_builder_column_1_1 1_1 fusion-one-full fusion-column-first fusion-column-last\" style=\"--awb-bg-size:cover;\"><div class=\"fusion-column-wrapper fusion-flex-column-wrapper-legacy\"><div class=\"fusion-text fusion-text-1\"><p><span style=\"color: white; font-size: 60px; font-family: Roboto, Arial, Helvetica, sans-serif; font-weight: 100;\">Notre r\u00e9seau<\/span><\/p>\n<\/div><div class=\"fusion-clearfix\"><\/div><\/div><\/div><\/div><\/div><div class=\"fusion-fullwidth fullwidth-box fusion-builder-row-2 nonhundred-percent-fullwidth non-hundred-percent-height-scrolling\" style=\"--awb-border-radius-top-left:0px;--awb-border-radius-top-right:0px;--awb-border-radius-bottom-right:0px;--awb-border-radius-bottom-left:0px;--awb-padding-top:60px;--awb-padding-bottom:40px;--awb-flex-wrap:wrap;\" ><div class=\"fusion-builder-row fusion-row\"><div class=\"fusion-layout-column fusion_builder_column fusion-builder-column-1 fusion_builder_column_1_1 1_1 fusion-one-full fusion-column-first fusion-column-last\" style=\"--awb-bg-size:cover;\"><div class=\"fusion-column-wrapper fusion-flex-column-wrapper-legacy\"><div class=\"fusion-title title fusion-title-1 fusion-title-text fusion-title-size-one\"><h1 class=\"fusion-title-heading title-heading-left fusion-responsive-typography-calculated\" style=\"margin:0;--fontSize:42;line-height:1.25;\">VoIP 2.0 : LA VoIP INFONUAGIQUE<\/h1><span class=\"awb-title-spacer\"><\/span><div class=\"title-sep-container\"><div class=\"title-sep sep-double sep-solid\" style=\"border-color:#e0dede;\"><\/div><\/div><\/div><div class=\"fusion-text fusion-text-2\"><p><strong>NOUS AVONS B\u00c2TI NOTRE PLATEFORME VOIX DE A \u00c0 Z, POUR MIEUX VOUS SERVIR.<\/strong><\/p>\n<p>Notre solution voix h\u00e9berg\u00e9e sur le nuage r\u00e9unit tous les \u00e9l\u00e9ments essentiels \u00e0 un service VoIP int\u00e9gral. L\u2019activation ou migration des services est simple et rapide, et les fournisseurs de service gardent le contr\u00f4le de leurs produits et de leur client\u00e8le.<\/p>\n<\/div><div class=\"fusion-clearfix\"><\/div><\/div><\/div><\/div><\/div><div class=\"fusion-bg-parallax\" data-bg-align=\"center center\" data-direction=\"up\" data-mute=\"false\" data-opacity=\"100\" data-velocity=\"-0.3\" data-mobile-enabled=\"false\" data-break_parents=\"0\" data-bg-image=\"https:\/\/directnet.ca\/wp-content\/uploads\/2016\/08\/osman-rana-215847.jpg\" data-bg-repeat=\"false\" ><\/div><div class=\"fusion-fullwidth fullwidth-box fusion-builder-row-3 fusion-parallax-up nonhundred-percent-fullwidth non-hundred-percent-height-scrolling\" style=\"--awb-border-radius-top-left:0px;--awb-border-radius-top-right:0px;--awb-border-radius-bottom-right:0px;--awb-border-radius-bottom-left:0px;--awb-padding-top:70px;--awb-padding-bottom:70px;--awb-background-image:url(&quot;https:\/\/directnet.ca\/wp-content\/uploads\/2016\/08\/osman-rana-215847.jpg&quot;);--awb-background-size:cover;--awb-flex-wrap:wrap;\" ><div class=\"fusion-builder-row fusion-row\"><div class=\"fusion-layout-column fusion_builder_column fusion-builder-column-2 fusion_builder_column_1_1 1_1 fusion-one-full fusion-column-first fusion-column-last\" style=\"--awb-bg-size:cover;\"><div class=\"fusion-column-wrapper fusion-flex-column-wrapper-legacy\"><div class=\"fusion-text fusion-text-3\"><h2 style=\"color: #fff; font-size: 60px; text-align: center;\">Une plateforme ultra-performante<\/h2>\n<p style=\"color: #fff; font-size: 26px; text-align: center;\">Notre plateforme infonuagique a \u00e9t\u00e9 con\u00e7ue pour remplacer le RTPC, et offre une qualit\u00e9 de service exceptionnelle. Pour assurer un service constant, nous utilisons des centres redondants de traitement des donn\u00e9es, les meilleures mesures de s\u00e9curit\u00e9 actuelles et une architecture active. Nous g\u00e9rons et suivons toutes les op\u00e9rations depuis notre CER 24 h\/24, 365 jours par an.<\/p>\n<\/div><div class=\"fusion-clearfix\"><\/div><\/div><\/div><\/div><\/div><div class=\"fusion-fullwidth fullwidth-box fusion-builder-row-4 nonhundred-percent-fullwidth non-hundred-percent-height-scrolling\" style=\"--awb-border-radius-top-left:0px;--awb-border-radius-top-right:0px;--awb-border-radius-bottom-right:0px;--awb-border-radius-bottom-left:0px;--awb-padding-top:70px;--awb-padding-bottom:20px;--awb-background-color:#f6f6f6;--awb-flex-wrap:wrap;\" ><div class=\"fusion-builder-row fusion-row\"><div class=\"fusion-layout-column fusion_builder_column fusion-builder-column-3 fusion_builder_column_1_1 1_1 fusion-one-full fusion-column-first fusion-column-last\" style=\"--awb-bg-size:cover;\"><div class=\"fusion-column-wrapper fusion-flex-column-wrapper-legacy\"><div class=\"fusion-tabs fusion-tabs-1 classic nav-is-justified horizontal-tabs icon-position-left mobile-mode-accordion\" style=\"--awb-title-border-radius-top-left:0px;--awb-title-border-radius-top-right:0px;--awb-title-border-radius-bottom-right:0px;--awb-title-border-radius-bottom-left:0px;--awb-inactive-color:#f1f2f2;--awb-background-color:#ffffff;--awb-border-color:#ebeaea;--awb-active-border-color:#fb9c07;\"><div class=\"nav\"><ul class=\"nav-tabs nav-justified\" role=\"tablist\"><li class=\"active\" role=\"presentation\"><a class=\"tab-link\" data-toggle=\"tab\" role=\"tab\" aria-controls=\"tab-6873256be427880022a\" aria-selected=\"true\" id=\"fusion-tab-unr\u00e9seaur\u00e9silient\" href=\"#tab-6873256be427880022a\"><h4 class=\"fusion-tab-heading\"><i class=\"fontawesome-icon fa fa-check\" aria-hidden=\"true\" style=\"font-size:16px;\"><\/i>Un r\u00e9seau r\u00e9silient<\/h4><\/a><\/li><li role=\"presentation\"><a class=\"tab-link\" data-toggle=\"tab\" role=\"tab\" aria-controls=\"tab-4e9b3a9d7b89a2567f4\" aria-selected=\"false\" tabindex=\"-1\" id=\"fusion-tab-protectiondel\u2019infrastructure\" href=\"#tab-4e9b3a9d7b89a2567f4\"><h4 class=\"fusion-tab-heading\"><i class=\"fontawesome-icon fa fa-check\" aria-hidden=\"true\" style=\"font-size:16px;\"><\/i>Protection de l\u2019infrastructure<\/h4><\/a><\/li><li role=\"presentation\"><a class=\"tab-link\" data-toggle=\"tab\" role=\"tab\" aria-controls=\"tab-1dd4a3445fc28621347\" aria-selected=\"false\" tabindex=\"-1\" id=\"fusion-tab-s\u00e9curit\u00e9etconfidentialit\u00e9\" href=\"#tab-1dd4a3445fc28621347\"><h4 class=\"fusion-tab-heading\"><i class=\"fontawesome-icon fa fa-check\" aria-hidden=\"true\" style=\"font-size:16px;\"><\/i>S\u00e9curit\u00e9 et confidentialit\u00e9<\/h4><\/a><\/li><\/ul><\/div><div class=\"tab-content\"><div class=\"nav fusion-mobile-tab-nav\"><ul class=\"nav-tabs nav-justified\" role=\"tablist\"><li class=\"active\" role=\"presentation\"><a class=\"tab-link\" data-toggle=\"tab\" role=\"tab\" aria-controls=\"tab-6873256be427880022a\" aria-selected=\"true\" id=\"mobile-fusion-tab-unr\u00e9seaur\u00e9silient\" href=\"#tab-6873256be427880022a\"><h4 class=\"fusion-tab-heading\"><i class=\"fontawesome-icon fa fa-check\" aria-hidden=\"true\" style=\"font-size:16px;\"><\/i>Un r\u00e9seau r\u00e9silient<\/h4><\/a><\/li><\/ul><\/div><div class=\"tab-pane fade fusion-clearfix in active\" role=\"tabpanel\" tabindex=\"0\" aria-labelledby=\"fusion-tab-unr\u00e9seaur\u00e9silient\" id=\"tab-6873256be427880022a\">\n<ul>\n<li style=\"padding: 5px 0; border-bottom: 1px solid #ccc;\"><strong>Interconnections multiples redondantes<\/strong><\/li>\n<li style=\"padding: 5px 0; border-bottom: 1px solid #ccc;\"><strong>Routage avec basculement et diversit\u00e9 de trajets<\/strong><\/li>\n<li style=\"padding: 5px 0; border-bottom: 1px solid #ccc;\"><strong>Passerelles voix \u00e0 charge \u00e9quilibr\u00e9e<\/strong><\/li>\n<li style=\"padding: 5px 0; border-bottom: 1px solid #ccc;\"><strong>Passerelles priv\u00e9es<\/strong><\/li>\n<li style=\"padding: 5px 0; border-bottom: 1px solid #ccc;\"><strong>99,99 % de disponibilit\u00e9 du r\u00e9seau<\/strong><\/li>\n<li style=\"padding: 5px 0; border-bottom: 1px solid #ccc;\"><strong>Protection personnalis\u00e9e par pare-feu<\/strong><\/li>\n<\/ul>\n<\/div><div class=\"nav fusion-mobile-tab-nav\"><ul class=\"nav-tabs nav-justified\" role=\"tablist\"><li role=\"presentation\"><a class=\"tab-link\" data-toggle=\"tab\" role=\"tab\" aria-controls=\"tab-4e9b3a9d7b89a2567f4\" aria-selected=\"false\" tabindex=\"-1\" id=\"mobile-fusion-tab-protectiondel\u2019infrastructure\" href=\"#tab-4e9b3a9d7b89a2567f4\"><h4 class=\"fusion-tab-heading\"><i class=\"fontawesome-icon fa fa-check\" aria-hidden=\"true\" style=\"font-size:16px;\"><\/i>Protection de l\u2019infrastructure<\/h4><\/a><\/li><\/ul><\/div><div class=\"tab-pane fade fusion-clearfix\" role=\"tabpanel\" tabindex=\"0\" aria-labelledby=\"fusion-tab-protectiondel\u2019infrastructure\" id=\"tab-4e9b3a9d7b89a2567f4\">\n<ul>\n<li style=\"padding: 5px 0; border-bottom: 1px solid #ccc;\"><strong>Syst\u00e8mes d\u2019alimentation redondants N+1<\/strong><\/li>\n<li style=\"padding: 5px 0; border-bottom: 1px solid #ccc;\"><strong>Syst\u00e8mes principaux avec redondance N+1<\/strong><\/li>\n<li style=\"padding: 5px 0; border-bottom: 1px solid #ccc;\"><strong>Refroidissement et r\u00e9gulation de la temp\u00e9rature<\/strong><\/li>\n<li style=\"padding: 5px 0; border-bottom: 1px solid #ccc;\"><strong>Syst\u00e8me de protection et d\u2019extinction incendie<\/strong><\/li>\n<li style=\"padding: 5px 0; border-bottom: 1px solid #ccc;\"><strong>Passerelles voix \u00e0 charge \u00e9quilibr\u00e9e<\/strong><\/li>\n<\/ul>\n<\/div><div class=\"nav fusion-mobile-tab-nav\"><ul class=\"nav-tabs nav-justified\" role=\"tablist\"><li role=\"presentation\"><a class=\"tab-link\" data-toggle=\"tab\" role=\"tab\" aria-controls=\"tab-1dd4a3445fc28621347\" aria-selected=\"false\" tabindex=\"-1\" id=\"mobile-fusion-tab-s\u00e9curit\u00e9etconfidentialit\u00e9\" href=\"#tab-1dd4a3445fc28621347\"><h4 class=\"fusion-tab-heading\"><i class=\"fontawesome-icon fa fa-check\" aria-hidden=\"true\" style=\"font-size:16px;\"><\/i>S\u00e9curit\u00e9 et confidentialit\u00e9<\/h4><\/a><\/li><\/ul><\/div><div class=\"tab-pane fade fusion-clearfix\" role=\"tabpanel\" tabindex=\"0\" aria-labelledby=\"fusion-tab-s\u00e9curit\u00e9etconfidentialit\u00e9\" id=\"tab-1dd4a3445fc28621347\">\n<ul>\n<li style=\"padding: 5px 0; border-bottom: 1px solid #ccc;\">Appels crypt\u00e9s sur les appareils connect\u00e9s directement au r\u00e9seau<\/li>\n<li style=\"padding: 5px 0; border-bottom: 1px solid #ccc;\">Param\u00e8tres personnalisables par l\u2019utilisateur<\/li>\n<li style=\"padding: 5px 0; border-bottom: 1px solid #ccc;\">Protection antifraude<\/li>\n<li style=\"padding: 5px 0; border-bottom: 1px solid #ccc;\">Protection antipiratage<\/li>\n<\/ul>\n<\/div><\/div><\/div><div class=\"fusion-clearfix\"><\/div><\/div><\/div><\/div><\/div><div class=\"fusion-fullwidth fullwidth-box fusion-builder-row-5 nonhundred-percent-fullwidth non-hundred-percent-height-scrolling\" style=\"--awb-border-radius-top-left:0px;--awb-border-radius-top-right:0px;--awb-border-radius-bottom-right:0px;--awb-border-radius-bottom-left:0px;--awb-padding-top:40px;--awb-padding-bottom:20px;--awb-margin-bottom:-40px;--awb-background-color:#ffc006;--awb-flex-wrap:wrap;\" ><div class=\"fusion-builder-row fusion-row\"><div class=\"fusion-layout-column fusion_builder_column fusion-builder-column-4 fusion_builder_column_1_1 1_1 fusion-one-full fusion-column-first fusion-column-last\" style=\"--awb-bg-size:cover;\"><div class=\"fusion-column-wrapper fusion-flex-column-wrapper-legacy\"><div class=\"fusion-text fusion-text-4\"><p>Nous avons con\u00e7u notre plateforme de A \u00e0 Z, pour r\u00e9pondre \u00e0 vos besoins. Notre syst\u00e8me vous garantit une souplesse, une r\u00e9silience, une protection et une s\u00e9curit\u00e9 in\u00e9gal\u00e9es parmi nos concurrents.<\/p>\n<p>Nous travaillons constamment \u00e0 vous offrir le meilleur service possible. C\u2019est pourquoi nous employons nos propres techniciens hautement qualifi\u00e9s pour assurer le bon fonctionnement de notre r\u00e9seau en tout temps. Si vous avez un probl\u00e8me, vous pouvez nous contacter 24\u00a0h\/24, 365 jours par an. Nous trouverons une solution rapidement.<\/p>\n<p><strong>La nouvelle norme, c\u2019est nous.<\/strong> Lancez un nouveau service ou migrez sans interruption vos services existants vers notre plateforme d\u00e8s aujourd\u2019hui. Vous ne regretterez qu\u2019une chose\u00a0: ne pas l\u2019avoir fait plus t\u00f4t.<\/p>\n<\/div><div class=\"fusion-clearfix\"><\/div><\/div><\/div><\/div><\/div><\/p>\n","protected":false},"excerpt":{"rendered":"","protected":false},"author":2,"featured_media":0,"parent":0,"menu_order":40,"comment_status":"closed","ping_status":"closed","template":"100-width.php","meta":{"footnotes":""},"class_list":["post-12795","page","type-page","status-publish","hentry"],"yoast_head":"<!-- This site is optimized with the Yoast SEO plugin v27.4 - https:\/\/yoast.com\/product\/yoast-seo-wordpress\/ -->\n<title>Notre r\u00e9seau - DirectNet<\/title>\n<meta name=\"description\" content=\"Nous avons con\u00e7u notre plateforme de A \u00e0 Z, pour r\u00e9pondre \u00e0 vos besoins. Notre syst\u00e8me vous garantit une souplesse, une r\u00e9silience, une protection et une s\u00e9curit\u00e9 in\u00e9gal\u00e9es parmi nos concurrents.\" \/>\n<meta name=\"robots\" content=\"index, follow, max-snippet:-1, max-image-preview:large, max-video-preview:-1\" \/>\n<link rel=\"canonical\" href=\"https:\/\/directnet.ca\/fr\/notre-reseau\/\" \/>\n<meta property=\"og:locale\" content=\"fr_FR\" \/>\n<meta property=\"og:type\" content=\"article\" \/>\n<meta property=\"og:title\" content=\"Notre r\u00e9seau - DirectNet\" \/>\n<meta property=\"og:description\" content=\"Nous avons con\u00e7u notre plateforme de A \u00e0 Z, pour r\u00e9pondre \u00e0 vos besoins. Notre syst\u00e8me vous garantit une souplesse, une r\u00e9silience, une protection et une s\u00e9curit\u00e9 in\u00e9gal\u00e9es parmi nos concurrents.\" \/>\n<meta property=\"og:url\" content=\"https:\/\/directnet.ca\/fr\/notre-reseau\/\" \/>\n<meta property=\"og:site_name\" content=\"DirectNet\" \/>\n<meta property=\"article:modified_time\" content=\"2020-11-03T15:05:26+00:00\" \/>\n<meta name=\"twitter:label1\" content=\"Dur\u00e9e de lecture estim\u00e9e\" \/>\n\t<meta name=\"twitter:data1\" content=\"6 minutes\" \/>\n<script type=\"application\/ld+json\" class=\"yoast-schema-graph\">{\"@context\":\"https:\\\/\\\/schema.org\",\"@graph\":[{\"@type\":\"WebPage\",\"@id\":\"https:\\\/\\\/directnet.ca\\\/fr\\\/notre-reseau\\\/\",\"url\":\"https:\\\/\\\/directnet.ca\\\/fr\\\/notre-reseau\\\/\",\"name\":\"Notre r\u00e9seau - DirectNet\",\"isPartOf\":{\"@id\":\"https:\\\/\\\/directnet.ca\\\/#website\"},\"datePublished\":\"2017-11-23T14:36:31+00:00\",\"dateModified\":\"2020-11-03T15:05:26+00:00\",\"description\":\"Nous avons con\u00e7u notre plateforme de A \u00e0 Z, pour r\u00e9pondre \u00e0 vos besoins. Notre syst\u00e8me vous garantit une souplesse, une r\u00e9silience, une protection et une s\u00e9curit\u00e9 in\u00e9gal\u00e9es parmi nos concurrents.\",\"breadcrumb\":{\"@id\":\"https:\\\/\\\/directnet.ca\\\/fr\\\/notre-reseau\\\/#breadcrumb\"},\"inLanguage\":\"fr-FR\",\"potentialAction\":[{\"@type\":\"ReadAction\",\"target\":[\"https:\\\/\\\/directnet.ca\\\/fr\\\/notre-reseau\\\/\"]}]},{\"@type\":\"BreadcrumbList\",\"@id\":\"https:\\\/\\\/directnet.ca\\\/fr\\\/notre-reseau\\\/#breadcrumb\",\"itemListElement\":[{\"@type\":\"ListItem\",\"position\":1,\"name\":\"Home\",\"item\":\"https:\\\/\\\/directnet.ca\\\/fr\\\/\"},{\"@type\":\"ListItem\",\"position\":2,\"name\":\"Notre r\u00e9seau\"}]},{\"@type\":\"WebSite\",\"@id\":\"https:\\\/\\\/directnet.ca\\\/#website\",\"url\":\"https:\\\/\\\/directnet.ca\\\/\",\"name\":\"DirectNet\",\"description\":\"\",\"potentialAction\":[{\"@type\":\"SearchAction\",\"target\":{\"@type\":\"EntryPoint\",\"urlTemplate\":\"https:\\\/\\\/directnet.ca\\\/?s={search_term_string}\"},\"query-input\":{\"@type\":\"PropertyValueSpecification\",\"valueRequired\":true,\"valueName\":\"search_term_string\"}}],\"inLanguage\":\"fr-FR\"}]}<\/script>\n<!-- \/ Yoast SEO plugin. -->","yoast_head_json":{"title":"Notre r\u00e9seau - DirectNet","description":"Nous avons con\u00e7u notre plateforme de A \u00e0 Z, pour r\u00e9pondre \u00e0 vos besoins. Notre syst\u00e8me vous garantit une souplesse, une r\u00e9silience, une protection et une s\u00e9curit\u00e9 in\u00e9gal\u00e9es parmi nos concurrents.","robots":{"index":"index","follow":"follow","max-snippet":"max-snippet:-1","max-image-preview":"max-image-preview:large","max-video-preview":"max-video-preview:-1"},"canonical":"https:\/\/directnet.ca\/fr\/notre-reseau\/","og_locale":"fr_FR","og_type":"article","og_title":"Notre r\u00e9seau - DirectNet","og_description":"Nous avons con\u00e7u notre plateforme de A \u00e0 Z, pour r\u00e9pondre \u00e0 vos besoins. Notre syst\u00e8me vous garantit une souplesse, une r\u00e9silience, une protection et une s\u00e9curit\u00e9 in\u00e9gal\u00e9es parmi nos concurrents.","og_url":"https:\/\/directnet.ca\/fr\/notre-reseau\/","og_site_name":"DirectNet","article_modified_time":"2020-11-03T15:05:26+00:00","twitter_misc":{"Dur\u00e9e de lecture estim\u00e9e":"6 minutes"},"schema":{"@context":"https:\/\/schema.org","@graph":[{"@type":"WebPage","@id":"https:\/\/directnet.ca\/fr\/notre-reseau\/","url":"https:\/\/directnet.ca\/fr\/notre-reseau\/","name":"Notre r\u00e9seau - DirectNet","isPartOf":{"@id":"https:\/\/directnet.ca\/#website"},"datePublished":"2017-11-23T14:36:31+00:00","dateModified":"2020-11-03T15:05:26+00:00","description":"Nous avons con\u00e7u notre plateforme de A \u00e0 Z, pour r\u00e9pondre \u00e0 vos besoins. Notre syst\u00e8me vous garantit une souplesse, une r\u00e9silience, une protection et une s\u00e9curit\u00e9 in\u00e9gal\u00e9es parmi nos concurrents.","breadcrumb":{"@id":"https:\/\/directnet.ca\/fr\/notre-reseau\/#breadcrumb"},"inLanguage":"fr-FR","potentialAction":[{"@type":"ReadAction","target":["https:\/\/directnet.ca\/fr\/notre-reseau\/"]}]},{"@type":"BreadcrumbList","@id":"https:\/\/directnet.ca\/fr\/notre-reseau\/#breadcrumb","itemListElement":[{"@type":"ListItem","position":1,"name":"Home","item":"https:\/\/directnet.ca\/fr\/"},{"@type":"ListItem","position":2,"name":"Notre r\u00e9seau"}]},{"@type":"WebSite","@id":"https:\/\/directnet.ca\/#website","url":"https:\/\/directnet.ca\/","name":"DirectNet","description":"","potentialAction":[{"@type":"SearchAction","target":{"@type":"EntryPoint","urlTemplate":"https:\/\/directnet.ca\/?s={search_term_string}"},"query-input":{"@type":"PropertyValueSpecification","valueRequired":true,"valueName":"search_term_string"}}],"inLanguage":"fr-FR"}]}},"_links":{"self":[{"href":"https:\/\/directnet.ca\/fr\/wp-json\/wp\/v2\/pages\/12795","targetHints":{"allow":["GET"]}}],"collection":[{"href":"https:\/\/directnet.ca\/fr\/wp-json\/wp\/v2\/pages"}],"about":[{"href":"https:\/\/directnet.ca\/fr\/wp-json\/wp\/v2\/types\/page"}],"author":[{"embeddable":true,"href":"https:\/\/directnet.ca\/fr\/wp-json\/wp\/v2\/users\/2"}],"replies":[{"embeddable":true,"href":"https:\/\/directnet.ca\/fr\/wp-json\/wp\/v2\/comments?post=12795"}],"version-history":[{"count":0,"href":"https:\/\/directnet.ca\/fr\/wp-json\/wp\/v2\/pages\/12795\/revisions"}],"wp:attachment":[{"href":"https:\/\/directnet.ca\/fr\/wp-json\/wp\/v2\/media?parent=12795"}],"curies":[{"name":"wp","href":"https:\/\/api.w.org\/{rel}","templated":true}]}}