{"id":12792,"date":"2017-11-23T09:23:36","date_gmt":"2017-11-23T14:23:36","guid":{"rendered":"https:\/\/directnet1.wpengine.com\/?page_id=12792"},"modified":"2020-11-03T10:42:45","modified_gmt":"2020-11-03T15:42:45","slug":"nos-prix","status":"publish","type":"page","link":"https:\/\/directnet.ca\/fr\/nos-prix\/","title":{"rendered":"Nos prix"},"content":{"rendered":"<p><div class=\"fusion-fullwidth fullwidth-box fusion-builder-row-1 fusion-parallax-none nonhundred-percent-fullwidth non-hundred-percent-height-scrolling\" style=\"--awb-border-radius-top-left:0px;--awb-border-radius-top-right:0px;--awb-border-radius-bottom-right:0px;--awb-border-radius-bottom-left:0px;--awb-padding-top:75px;--awb-padding-bottom:20px;--awb-margin-top:-55px;--awb-background-color:#333333;--awb-background-image:url(&quot;https:\/\/directnet.ca\/wp-content\/uploads\/2017\/03\/banner4.jpg&quot;);--awb-background-size:cover;--awb-flex-wrap:wrap;\" ><div class=\"fusion-builder-row fusion-row\"><div class=\"fusion-layout-column fusion_builder_column fusion-builder-column-0 fusion_builder_column_1_1 1_1 fusion-one-full fusion-column-first fusion-column-last\" style=\"--awb-bg-size:cover;\"><div class=\"fusion-column-wrapper fusion-flex-column-wrapper-legacy\"><div class=\"fusion-text fusion-text-1\"><p><span style=\"color: white; font-size: 60px; font-family: Roboto, Arial, Helvetica, sans-serif; font-weight: 100; text-shadow: 0 2px 2px #333;\">NOS PRIX<\/span><\/p>\n<\/div><div class=\"fusion-clearfix\"><\/div><\/div><\/div><\/div><\/div><div class=\"fusion-fullwidth fullwidth-box fusion-builder-row-2 nonhundred-percent-fullwidth non-hundred-percent-height-scrolling\" style=\"--awb-border-radius-top-left:0px;--awb-border-radius-top-right:0px;--awb-border-radius-bottom-right:0px;--awb-border-radius-bottom-left:0px;--awb-padding-top:70px;--awb-padding-bottom:20px;--awb-flex-wrap:wrap;\" ><div class=\"fusion-builder-row fusion-row\"><div class=\"fusion-layout-column fusion_builder_column fusion-builder-column-1 fusion_builder_column_1_1 1_1 fusion-one-full fusion-column-first fusion-column-last\" style=\"--awb-bg-size:cover;\"><div class=\"fusion-column-wrapper fusion-flex-column-wrapper-legacy\"><div class=\"fusion-text fusion-text-2\"><p>DirectNet vous assure un service parfaitement adapt\u00e9 \u00e0 vos besoins. Nous offrons plusieurs options de services VoIP pour r\u00e9pondre aux attentes de vos clients et aux exigences de votre entreprise.<\/p>\n<p>Notre forfait VoIP r\u00e9sidentielle g\u00e9n\u00e9rique pour les nouveaux r\u00e9seaux\/services est offert \u00e0 partir de 4,56\u00a0$\/mois, et notre forfait VoIP r\u00e9sidentielle g\u00e9n\u00e9rique pour les r\u00e9seaux\/services \u00e9tablis sont offerts \u00e0 partir de 1,56\u00a0$\/mois, selon le volume. Vous pouvez faire l\u2019essai des deux forfaits gratuitement pour vous assurer que nos services r\u00e9pondent parfaitement \u00e0 vos attentes avant de vous engager. Nous offrons aussi un programme d\u2019affiliation pour agents et exploitants ind\u00e9pendants qui g\u00e9n\u00e8re des revenus tr\u00e8s int\u00e9ressants.<\/p>\n<p>SI vous avez des questions sur nos prix, nos services, ou tout autre sujet, n\u2019h\u00e9sitez pas\u00a0: contactez-nous aujourd\u2019hui, nous sommes \u00e0 votre service.<\/p>\n<\/div><div class=\"fusion-text fusion-text-3\"><h2>Options pour les nouveaux syst\u00e8mes<\/h2>\n<\/div>\n<div class=\"table-2\">\n<table width=\"100%\">\n<thead>\n<tr>\n<th align=\"left\"><\/th>\n<th align=\"left\">SDA + Canada<\/th>\n<th align=\"left\">SDA + Am\u00e9rique du Nord<\/th>\n<th align=\"left\">*e911<\/th>\n<th align=\"left\">**Frais d\u2019\u00e9tablissement<\/th>\n<\/tr>\n<\/thead>\n<tbody>\n<tr>\n<td align=\"left\"><strong>Abonnement<\/strong><\/td>\n<td align=\"left\">\/mois<\/td>\n<td align=\"left\">\/mois<\/td>\n<td align=\"left\">\/compte\/mois<\/td>\n<td align=\"left\">\/compte\/mois<\/td>\n<\/tr>\n<tr>\n<td align=\"left\">0-500<\/td>\n<td align=\"left\">4.56 $<\/td>\n<td align=\"left\">6.56 $<\/td>\n<td align=\"left\">0.75 $<\/td>\n<td align=\"left\">0.00 $<\/td>\n<\/tr>\n<\/tbody>\n<\/table>\n<\/div>\n<div class=\"fusion-sep-clear\"><\/div><div class=\"fusion-separator fusion-full-width-sep\" style=\"margin-left: auto;margin-right: auto;margin-top:40px;margin-bottom:0px;width:100%;\"><\/div><div class=\"fusion-sep-clear\"><\/div><div class=\"fusion-text fusion-text-4\"><h2>Pour les distributeurs<\/h2>\n<\/div>\n<div class=\"table-2\">\n<table width=\"100%\">\n<thead>\n<tr>\n<th align=\"left\"><\/th>\n<th align=\"left\">SDA + Canada<\/th>\n<th align=\"left\">SDA + Am\u00e9rique du Nord<\/th>\n<th align=\"left\">*e911<\/th>\n<th align=\"left\">**Frais d\u2019\u00e9tablissement<\/th>\n<\/tr>\n<\/thead>\n<tbody>\n<tr>\n<td align=\"left\"><strong>Abonnement<\/strong><\/td>\n<td align=\"left\">\/mois<\/td>\n<td align=\"left\">\/mois<\/td>\n<td align=\"left\">\/compte\/mois<\/td>\n<td align=\"left\">\/compte\/mois<\/td>\n<\/tr>\n<tr>\n<td align=\"left\">501-1,000<\/td>\n<td align=\"left\">3.56 $<\/td>\n<td align=\"left\">5.56 $<\/td>\n<td align=\"left\">0.75 $<\/td>\n<td align=\"left\">0.00 $<\/td>\n<\/tr>\n<tr>\n<td align=\"left\">1001-2,000<\/td>\n<td align=\"left\">2.56 $<\/td>\n<td align=\"left\">4.56 $<\/td>\n<td align=\"left\">0.75 $<\/td>\n<td align=\"left\">0.00 $<\/td>\n<\/tr>\n<tr>\n<td align=\"left\">2001-3,000<\/td>\n<td align=\"left\">2.06 $<\/td>\n<td align=\"left\">4.06 $<\/td>\n<td align=\"left\">0.75 $<\/td>\n<td align=\"left\">0.00 $<\/td>\n<\/tr>\n<tr>\n<td align=\"left\">3001-4,000<\/td>\n<td align=\"left\">1.89 $<\/td>\n<td align=\"left\">3.89 $<\/td>\n<td align=\"left\">0.75 $<\/td>\n<td align=\"left\">0.00 $<\/td>\n<\/tr>\n<tr>\n<td align=\"left\">4,001+<\/td>\n<td align=\"left\">1.56 $<\/td>\n<td align=\"left\">3.56 $<\/td>\n<td align=\"left\">0.75 $<\/td>\n<td align=\"left\">0.00 $<\/td>\n<\/tr>\n<\/tbody>\n<\/table>\n<\/div>\n<div class=\"fusion-sep-clear\"><\/div><div class=\"fusion-separator fusion-full-width-sep\" style=\"margin-left: auto;margin-right: auto;margin-top:40px;margin-bottom:0px;width:100%;\"><\/div><div class=\"fusion-sep-clear\"><\/div><div class=\"fusion-text fusion-text-5\"><h2>Transferts de num\u00e9ro\u00a0:<\/h2>\n<ul>\n<li>Nouveau service\u00a0: 15\u00a0$\/transfert<\/li>\n<li>Service \u00e9tabli\u00a0: 10\u00a0$\/transfert<\/li>\n<\/ul>\n<p><small>*Paiement unique de 200\u00a0$ \u00e0 l\u2019activation<\/small><br \/>\n<small>**Paiment annuel de 200\u00a0$ par profil. Frais mensuels de 0,75\u00a0$\/mois\/compte annul\u00e9s<\/small><\/p>\n<\/div><div class=\"fusion-button-wrapper\"><a class=\"fusion-button button-flat button-medium button-orange fusion-button-orange button-1 fusion-button-default-span fusion-button-default-type\" target=\"_self\" href=\"https:\/\/directnet.ca\/fr\/contact\/\"><span class=\"fusion-button-text awb-button__text awb-button__text--default\">ESSAI GRATUIT<\/span><\/a><\/div><div class=\"fusion-clearfix\"><\/div><\/div><\/div><\/div><\/div><\/p>\n","protected":false},"excerpt":{"rendered":"","protected":false},"author":2,"featured_media":0,"parent":0,"menu_order":30,"comment_status":"closed","ping_status":"closed","template":"100-width.php","meta":{"footnotes":""},"class_list":["post-12792","page","type-page","status-publish","hentry"],"yoast_head":"<!-- This site is optimized with the Yoast SEO plugin v27.4 - https:\/\/yoast.com\/product\/yoast-seo-wordpress\/ -->\n<title>Nos prix - DirectNet<\/title>\n<meta name=\"description\" content=\"Notre forfait VoIP r\u00e9sidentielle g\u00e9n\u00e9rique pour les nouveaux r\u00e9seaux\/services est offert \u00e0 partir de 4,56 $\/mois. Contactez-nous aujourd\u2019hui:\" \/>\n<meta name=\"robots\" content=\"index, follow, max-snippet:-1, max-image-preview:large, max-video-preview:-1\" \/>\n<link rel=\"canonical\" href=\"https:\/\/directnet.ca\/fr\/nos-prix\/\" \/>\n<meta property=\"og:locale\" content=\"fr_FR\" \/>\n<meta property=\"og:type\" content=\"article\" \/>\n<meta property=\"og:title\" content=\"Nos prix - DirectNet\" \/>\n<meta property=\"og:description\" content=\"Notre forfait VoIP r\u00e9sidentielle g\u00e9n\u00e9rique pour les nouveaux r\u00e9seaux\/services est offert \u00e0 partir de 4,56 $\/mois. Contactez-nous aujourd\u2019hui:\" \/>\n<meta property=\"og:url\" content=\"https:\/\/directnet.ca\/fr\/nos-prix\/\" \/>\n<meta property=\"og:site_name\" content=\"DirectNet\" \/>\n<meta property=\"article:modified_time\" content=\"2020-11-03T15:42:45+00:00\" \/>\n<meta name=\"twitter:label1\" content=\"Dur\u00e9e de lecture estim\u00e9e\" \/>\n\t<meta name=\"twitter:data1\" content=\"4 minutes\" \/>\n<script type=\"application\/ld+json\" class=\"yoast-schema-graph\">{\"@context\":\"https:\\\/\\\/schema.org\",\"@graph\":[{\"@type\":\"WebPage\",\"@id\":\"https:\\\/\\\/directnet.ca\\\/fr\\\/nos-prix\\\/\",\"url\":\"https:\\\/\\\/directnet.ca\\\/fr\\\/nos-prix\\\/\",\"name\":\"Nos prix - DirectNet\",\"isPartOf\":{\"@id\":\"https:\\\/\\\/directnet.ca\\\/#website\"},\"datePublished\":\"2017-11-23T14:23:36+00:00\",\"dateModified\":\"2020-11-03T15:42:45+00:00\",\"description\":\"Notre forfait VoIP r\u00e9sidentielle g\u00e9n\u00e9rique pour les nouveaux r\u00e9seaux\\\/services est offert \u00e0 partir de 4,56 $\\\/mois. Contactez-nous aujourd\u2019hui:\",\"breadcrumb\":{\"@id\":\"https:\\\/\\\/directnet.ca\\\/fr\\\/nos-prix\\\/#breadcrumb\"},\"inLanguage\":\"fr-FR\",\"potentialAction\":[{\"@type\":\"ReadAction\",\"target\":[\"https:\\\/\\\/directnet.ca\\\/fr\\\/nos-prix\\\/\"]}]},{\"@type\":\"BreadcrumbList\",\"@id\":\"https:\\\/\\\/directnet.ca\\\/fr\\\/nos-prix\\\/#breadcrumb\",\"itemListElement\":[{\"@type\":\"ListItem\",\"position\":1,\"name\":\"Home\",\"item\":\"https:\\\/\\\/directnet.ca\\\/fr\\\/\"},{\"@type\":\"ListItem\",\"position\":2,\"name\":\"Nos prix\"}]},{\"@type\":\"WebSite\",\"@id\":\"https:\\\/\\\/directnet.ca\\\/#website\",\"url\":\"https:\\\/\\\/directnet.ca\\\/\",\"name\":\"DirectNet\",\"description\":\"\",\"potentialAction\":[{\"@type\":\"SearchAction\",\"target\":{\"@type\":\"EntryPoint\",\"urlTemplate\":\"https:\\\/\\\/directnet.ca\\\/?s={search_term_string}\"},\"query-input\":{\"@type\":\"PropertyValueSpecification\",\"valueRequired\":true,\"valueName\":\"search_term_string\"}}],\"inLanguage\":\"fr-FR\"}]}<\/script>\n<!-- \/ Yoast SEO plugin. -->","yoast_head_json":{"title":"Nos prix - DirectNet","description":"Notre forfait VoIP r\u00e9sidentielle g\u00e9n\u00e9rique pour les nouveaux r\u00e9seaux\/services est offert \u00e0 partir de 4,56 $\/mois. Contactez-nous aujourd\u2019hui:","robots":{"index":"index","follow":"follow","max-snippet":"max-snippet:-1","max-image-preview":"max-image-preview:large","max-video-preview":"max-video-preview:-1"},"canonical":"https:\/\/directnet.ca\/fr\/nos-prix\/","og_locale":"fr_FR","og_type":"article","og_title":"Nos prix - DirectNet","og_description":"Notre forfait VoIP r\u00e9sidentielle g\u00e9n\u00e9rique pour les nouveaux r\u00e9seaux\/services est offert \u00e0 partir de 4,56 $\/mois. Contactez-nous aujourd\u2019hui:","og_url":"https:\/\/directnet.ca\/fr\/nos-prix\/","og_site_name":"DirectNet","article_modified_time":"2020-11-03T15:42:45+00:00","twitter_misc":{"Dur\u00e9e de lecture estim\u00e9e":"4 minutes"},"schema":{"@context":"https:\/\/schema.org","@graph":[{"@type":"WebPage","@id":"https:\/\/directnet.ca\/fr\/nos-prix\/","url":"https:\/\/directnet.ca\/fr\/nos-prix\/","name":"Nos prix - DirectNet","isPartOf":{"@id":"https:\/\/directnet.ca\/#website"},"datePublished":"2017-11-23T14:23:36+00:00","dateModified":"2020-11-03T15:42:45+00:00","description":"Notre forfait VoIP r\u00e9sidentielle g\u00e9n\u00e9rique pour les nouveaux r\u00e9seaux\/services est offert \u00e0 partir de 4,56 $\/mois. Contactez-nous aujourd\u2019hui:","breadcrumb":{"@id":"https:\/\/directnet.ca\/fr\/nos-prix\/#breadcrumb"},"inLanguage":"fr-FR","potentialAction":[{"@type":"ReadAction","target":["https:\/\/directnet.ca\/fr\/nos-prix\/"]}]},{"@type":"BreadcrumbList","@id":"https:\/\/directnet.ca\/fr\/nos-prix\/#breadcrumb","itemListElement":[{"@type":"ListItem","position":1,"name":"Home","item":"https:\/\/directnet.ca\/fr\/"},{"@type":"ListItem","position":2,"name":"Nos prix"}]},{"@type":"WebSite","@id":"https:\/\/directnet.ca\/#website","url":"https:\/\/directnet.ca\/","name":"DirectNet","description":"","potentialAction":[{"@type":"SearchAction","target":{"@type":"EntryPoint","urlTemplate":"https:\/\/directnet.ca\/?s={search_term_string}"},"query-input":{"@type":"PropertyValueSpecification","valueRequired":true,"valueName":"search_term_string"}}],"inLanguage":"fr-FR"}]}},"_links":{"self":[{"href":"https:\/\/directnet.ca\/fr\/wp-json\/wp\/v2\/pages\/12792","targetHints":{"allow":["GET"]}}],"collection":[{"href":"https:\/\/directnet.ca\/fr\/wp-json\/wp\/v2\/pages"}],"about":[{"href":"https:\/\/directnet.ca\/fr\/wp-json\/wp\/v2\/types\/page"}],"author":[{"embeddable":true,"href":"https:\/\/directnet.ca\/fr\/wp-json\/wp\/v2\/users\/2"}],"replies":[{"embeddable":true,"href":"https:\/\/directnet.ca\/fr\/wp-json\/wp\/v2\/comments?post=12792"}],"version-history":[{"count":0,"href":"https:\/\/directnet.ca\/fr\/wp-json\/wp\/v2\/pages\/12792\/revisions"}],"wp:attachment":[{"href":"https:\/\/directnet.ca\/fr\/wp-json\/wp\/v2\/media?parent=12792"}],"curies":[{"name":"wp","href":"https:\/\/api.w.org\/{rel}","templated":true}]}}